{"id":132,"date":"2022-10-21T07:09:21","date_gmt":"2022-10-21T07:09:21","guid":{"rendered":"http:\/\/164.90.224.68\/?page_id=132"},"modified":"2024-12-20T11:13:29","modified_gmt":"2024-12-20T11:13:29","slug":"team-2","status":"publish","type":"page","link":"https:\/\/augenaerzte-biel.ch\/fr\/team-2\/","title":{"rendered":"Notre \u00e9quipe"},"content":{"rendered":"<p>Notre principale pr\u00e9occupation est de fournir un encadrement optimal pour satisfaire les besoins de nos patients, en \u00e9troite collaboration avec les m\u00e9decins traitants et les opticiens.<\/p>\n\n\n\n<div style=\"height:30px\" aria-hidden=\"true\" class=\"wp-block-spacer\"><\/div>\n\n\n\n<p><strong>Dr. med. Alex Heuberger<\/strong><br>Sp\u00e9cialiste FMH en ophtalmologie &amp; chirurgie oculaire Chirurgie r\u00e9fractive &amp; de la cataracte<\/p>\n\n\n\n<p><strong>Prof. Dr. med. Bernhard Jurklies<\/strong><br>Sp\u00e9cialiste FMH en ophtalmologie &amp; chirurgie oculaire<br>Sp\u00e9cialiste R\u00e9tine<\/p>\n\n\n\n<p><strong>Dr. med. Beate Langenbucher<\/strong><br>Sp\u00e9cialiste FMH en ophtalmologie<\/p>","protected":false},"excerpt":{"rendered":"<p>Notre principale pr\u00e9occupation est de fournir un encadrement optimal pour satisfaire les besoins de nos patients, en \u00e9troite collaboration avec les m\u00e9decins traitants et les opticiens. Dr. med. Alex HeubergerSp\u00e9cialiste FMH en ophtalmologie &amp; chirurgie oculaire Chirurgie r\u00e9fractive &amp; de la cataracte Prof. Dr. med. Bernhard JurkliesSp\u00e9cialiste FMH en ophtalmologie &amp; chirurgie oculaireSp\u00e9cialiste R\u00e9tine Dr. [&hellip;]<\/p>","protected":false},"author":1,"featured_media":0,"parent":0,"menu_order":4,"comment_status":"closed","ping_status":"closed","template":"","meta":{"_uag_custom_page_level_css":"","footnotes":""},"class_list":["post-132","page","type-page","status-publish","hentry"],"uagb_featured_image_src":{"full":false,"thumbnail":false,"medium":false,"medium_large":false,"large":false,"gs-tiny":false,"xl":false,"xxl":false,"xxxl":false,"xxxxl":false,"xxxxxl":false,"1536x1536":false,"2048x2048":false,"trp-custom-language-flag":false},"uagb_author_info":{"display_name":"Lasse","author_link":"https:\/\/augenaerzte-biel.ch\/fr\/author\/lasse\/"},"uagb_comment_info":0,"uagb_excerpt":"Notre principale pr\u00e9occupation est de fournir un encadrement optimal pour satisfaire les besoins de nos patients, en \u00e9troite collaboration avec les m\u00e9decins traitants et les opticiens. Dr. med. Alex HeubergerSp\u00e9cialiste FMH en ophtalmologie &amp; chirurgie oculaire Chirurgie r\u00e9fractive &amp; de la cataracte Prof. Dr. med. Bernhard JurkliesSp\u00e9cialiste FMH en ophtalmologie &amp; chirurgie oculaireSp\u00e9cialiste R\u00e9tine Dr.&hellip;","_links":{"self":[{"href":"https:\/\/augenaerzte-biel.ch\/fr\/wp-json\/wp\/v2\/pages\/132","targetHints":{"allow":["GET"]}}],"collection":[{"href":"https:\/\/augenaerzte-biel.ch\/fr\/wp-json\/wp\/v2\/pages"}],"about":[{"href":"https:\/\/augenaerzte-biel.ch\/fr\/wp-json\/wp\/v2\/types\/page"}],"author":[{"embeddable":true,"href":"https:\/\/augenaerzte-biel.ch\/fr\/wp-json\/wp\/v2\/users\/1"}],"replies":[{"embeddable":true,"href":"https:\/\/augenaerzte-biel.ch\/fr\/wp-json\/wp\/v2\/comments?post=132"}],"version-history":[{"count":8,"href":"https:\/\/augenaerzte-biel.ch\/fr\/wp-json\/wp\/v2\/pages\/132\/revisions"}],"predecessor-version":[{"id":556,"href":"https:\/\/augenaerzte-biel.ch\/fr\/wp-json\/wp\/v2\/pages\/132\/revisions\/556"}],"wp:attachment":[{"href":"https:\/\/augenaerzte-biel.ch\/fr\/wp-json\/wp\/v2\/media?parent=132"}],"curies":[{"name":"wp","href":"https:\/\/api.w.org\/{rel}","templated":true}]}}