{"id":134,"date":"2022-10-21T07:12:08","date_gmt":"2022-10-21T07:12:08","guid":{"rendered":"http:\/\/164.90.224.68\/?page_id=134"},"modified":"2022-12-09T14:05:50","modified_gmt":"2022-12-09T14:05:50","slug":"nos-prestations","status":"publish","type":"page","link":"https:\/\/augenaerzte-biel.ch\/fr\/nos-prestations\/","title":{"rendered":"NOS PRESTATIONS"},"content":{"rendered":"<p>Notre cabinet m\u00e9dical de groupe vous propose<strong>&nbsp;toute la gamme des prestations ophtalmologique<\/strong>, notamment: examens de d\u00e9pistages, prescriptions optiques pour lunettes, diagnostic et traitement des maladies oculaires aigu\u00ebs ou chroniques (par ex. cataracte, glaucome, d\u00e9g\u00e9n\u00e9rescence maculaire, r\u00e9tinopathie diab\u00e9tique). Nos examens sont effectu\u00e9s \u00e0 l&#8217;aide des instruments&nbsp;de diagnostic les plus modernes.<\/p>\n\n\n\n<p>Des&nbsp;<strong>interventions au laser&nbsp;<\/strong>peuvent \u00e9galement \u00eatre r\u00e9alis\u00e9es en ambulatoire dans notre cabinet: capsulotomie au laser YAG contre la cataracte secondaire, iridotomie au laser YAG contre le glaucome et traitements laser contre les d\u00e9formations de la r\u00e9tine.&nbsp;<\/p>\n\n\n\n<p>Les&nbsp;<strong>op\u00e9rations chirurgicales&nbsp;<\/strong>sont pratiqu\u00e9es au Centre d&#8217;ophtalmologie de la Clinique des Tilleuls SA \u00e0 Bienne.<strong>&nbsp;<\/strong>&nbsp;<\/p>\n\n\n\n<p><a href=\"http:\/\/www.kliniklinde.ch\/\" target=\"_blank\" rel=\"noreferrer noopener\">www.kliniklinde.ch<\/a><\/p>","protected":false},"excerpt":{"rendered":"<p>Notre cabinet m\u00e9dical de groupe vous propose&nbsp;toute la gamme des prestations ophtalmologique, notamment: examens de d\u00e9pistages, prescriptions optiques pour lunettes, diagnostic et traitement des maladies oculaires aigu\u00ebs ou chroniques (par ex. cataracte, glaucome, d\u00e9g\u00e9n\u00e9rescence maculaire, r\u00e9tinopathie diab\u00e9tique). Nos examens sont effectu\u00e9s \u00e0 l&#8217;aide des instruments&nbsp;de diagnostic les plus modernes. Des&nbsp;interventions au laser&nbsp;peuvent \u00e9galement \u00eatre r\u00e9alis\u00e9es [&hellip;]<\/p>","protected":false},"author":1,"featured_media":0,"parent":0,"menu_order":6,"comment_status":"closed","ping_status":"closed","template":"","meta":{"_uag_custom_page_level_css":"","footnotes":""},"class_list":["post-134","page","type-page","status-publish","hentry"],"uagb_featured_image_src":{"full":false,"thumbnail":false,"medium":false,"medium_large":false,"large":false,"gs-tiny":false,"xl":false,"xxl":false,"xxxl":false,"xxxxl":false,"xxxxxl":false,"1536x1536":false,"2048x2048":false,"trp-custom-language-flag":false},"uagb_author_info":{"display_name":"Lasse","author_link":"https:\/\/augenaerzte-biel.ch\/fr\/author\/lasse\/"},"uagb_comment_info":0,"uagb_excerpt":"Notre cabinet m\u00e9dical de groupe vous propose&nbsp;toute la gamme des prestations ophtalmologique, notamment: examens de d\u00e9pistages, prescriptions optiques pour lunettes, diagnostic et traitement des maladies oculaires aigu\u00ebs ou chroniques (par ex. cataracte, glaucome, d\u00e9g\u00e9n\u00e9rescence maculaire, r\u00e9tinopathie diab\u00e9tique). Nos examens sont effectu\u00e9s \u00e0 l&#8217;aide des instruments&nbsp;de diagnostic les plus modernes. Des&nbsp;interventions au laser&nbsp;peuvent \u00e9galement \u00eatre r\u00e9alis\u00e9es&hellip;","_links":{"self":[{"href":"https:\/\/augenaerzte-biel.ch\/fr\/wp-json\/wp\/v2\/pages\/134","targetHints":{"allow":["GET"]}}],"collection":[{"href":"https:\/\/augenaerzte-biel.ch\/fr\/wp-json\/wp\/v2\/pages"}],"about":[{"href":"https:\/\/augenaerzte-biel.ch\/fr\/wp-json\/wp\/v2\/types\/page"}],"author":[{"embeddable":true,"href":"https:\/\/augenaerzte-biel.ch\/fr\/wp-json\/wp\/v2\/users\/1"}],"replies":[{"embeddable":true,"href":"https:\/\/augenaerzte-biel.ch\/fr\/wp-json\/wp\/v2\/comments?post=134"}],"version-history":[{"count":1,"href":"https:\/\/augenaerzte-biel.ch\/fr\/wp-json\/wp\/v2\/pages\/134\/revisions"}],"predecessor-version":[{"id":408,"href":"https:\/\/augenaerzte-biel.ch\/fr\/wp-json\/wp\/v2\/pages\/134\/revisions\/408"}],"wp:attachment":[{"href":"https:\/\/augenaerzte-biel.ch\/fr\/wp-json\/wp\/v2\/media?parent=134"}],"curies":[{"name":"wp","href":"https:\/\/api.w.org\/{rel}","templated":true}]}}