{"id":140,"date":"2022-10-21T07:19:04","date_gmt":"2022-10-21T07:19:04","guid":{"rendered":"http:\/\/164.90.224.68\/?page_id=140"},"modified":"2023-01-13T12:49:51","modified_gmt":"2023-01-13T12:49:51","slug":"ophtalmologie-generale","status":"publish","type":"page","link":"https:\/\/augenaerzte-biel.ch\/fr\/nos-prestations\/ophtalmologie-generale\/","title":{"rendered":"Ophtalmologie g\u00e9n\u00e9rale"},"content":{"rendered":"<h3 class=\"wp-block-heading\">Des conseils clairs et des diagnostics de pointe<\/h3>\n\n\n\n<p>Notre cabinet de groupe vous offre le <strong>spectre complet des prestations en ophtalmologie<\/strong>.\u00a0Notamment: Examens de d\u00e9pistage, prescriptions optiques pour lunettes, diagnostic et traitement des pathologies oculaires aigu\u00ebs et chroniques (cataracte, glaucome, d\u00e9g\u00e9n\u00e9rescence maculaire li\u00e9e \u00e0 l&#8217;\u00e2ge et r\u00e9tinopathie diab\u00e9tique par exemple). Nos examens sont effectu\u00e9s \u00e0 l\u2019aide des instruments les plus modernes.\u00a0<\/p>\n\n\n\n<p>Capsulotomie au laser YAG contre la cataracte secondaire<br>Iridotomie p\u00e9riph\u00e9rique au laser YAG \u00e0 la suite d\u2019un glaucome<br>Traitements au laser argon pour les alt\u00e9rations de la r\u00e9tine<br>Les traitements sont r\u00e9alis\u00e9s avec des appareils de derni\u00e8re g\u00e9n\u00e9ration (Pattern Scanning Photocoagulator).<\/p>","protected":false},"excerpt":{"rendered":"<p>Des conseils clairs et des diagnostics de pointe Notre cabinet de groupe vous offre le spectre complet des prestations en ophtalmologie.\u00a0Notamment: Examens de d\u00e9pistage, prescriptions optiques pour lunettes, diagnostic et traitement des pathologies oculaires aigu\u00ebs et chroniques (cataracte, glaucome, d\u00e9g\u00e9n\u00e9rescence maculaire li\u00e9e \u00e0 l&#8217;\u00e2ge et r\u00e9tinopathie diab\u00e9tique par exemple). Nos examens sont effectu\u00e9s \u00e0 l\u2019aide [&hellip;]<\/p>","protected":false},"author":1,"featured_media":0,"parent":134,"menu_order":7,"comment_status":"closed","ping_status":"closed","template":"","meta":{"_uag_custom_page_level_css":"","footnotes":""},"class_list":["post-140","page","type-page","status-publish","hentry"],"uagb_featured_image_src":{"full":false,"thumbnail":false,"medium":false,"medium_large":false,"large":false,"gs-tiny":false,"xl":false,"xxl":false,"xxxl":false,"xxxxl":false,"xxxxxl":false,"1536x1536":false,"2048x2048":false,"trp-custom-language-flag":false},"uagb_author_info":{"display_name":"Lasse","author_link":"https:\/\/augenaerzte-biel.ch\/fr\/author\/lasse\/"},"uagb_comment_info":0,"uagb_excerpt":"Des conseils clairs et des diagnostics de pointe Notre cabinet de groupe vous offre le spectre complet des prestations en ophtalmologie.\u00a0Notamment: Examens de d\u00e9pistage, prescriptions optiques pour lunettes, diagnostic et traitement des pathologies oculaires aigu\u00ebs et chroniques (cataracte, glaucome, d\u00e9g\u00e9n\u00e9rescence maculaire li\u00e9e \u00e0 l&#8217;\u00e2ge et r\u00e9tinopathie diab\u00e9tique par exemple). Nos examens sont effectu\u00e9s \u00e0 l\u2019aide&hellip;","_links":{"self":[{"href":"https:\/\/augenaerzte-biel.ch\/fr\/wp-json\/wp\/v2\/pages\/140","targetHints":{"allow":["GET"]}}],"collection":[{"href":"https:\/\/augenaerzte-biel.ch\/fr\/wp-json\/wp\/v2\/pages"}],"about":[{"href":"https:\/\/augenaerzte-biel.ch\/fr\/wp-json\/wp\/v2\/types\/page"}],"author":[{"embeddable":true,"href":"https:\/\/augenaerzte-biel.ch\/fr\/wp-json\/wp\/v2\/users\/1"}],"replies":[{"embeddable":true,"href":"https:\/\/augenaerzte-biel.ch\/fr\/wp-json\/wp\/v2\/comments?post=140"}],"version-history":[{"count":2,"href":"https:\/\/augenaerzte-biel.ch\/fr\/wp-json\/wp\/v2\/pages\/140\/revisions"}],"predecessor-version":[{"id":469,"href":"https:\/\/augenaerzte-biel.ch\/fr\/wp-json\/wp\/v2\/pages\/140\/revisions\/469"}],"up":[{"embeddable":true,"href":"https:\/\/augenaerzte-biel.ch\/fr\/wp-json\/wp\/v2\/pages\/134"}],"wp:attachment":[{"href":"https:\/\/augenaerzte-biel.ch\/fr\/wp-json\/wp\/v2\/media?parent=140"}],"curies":[{"name":"wp","href":"https:\/\/api.w.org\/{rel}","templated":true}]}}