{"id":142,"date":"2022-10-21T07:21:17","date_gmt":"2022-10-21T07:21:17","guid":{"rendered":"http:\/\/164.90.224.68\/?page_id=142"},"modified":"2023-01-13T12:47:42","modified_gmt":"2023-01-13T12:47:42","slug":"traitement-au-laser","status":"publish","type":"page","link":"https:\/\/augenaerzte-biel.ch\/fr\/nos-prestations\/traitement-au-laser\/","title":{"rendered":"Traitement au laser"},"content":{"rendered":"<h3 class=\"wp-block-heading\">Aper\u00e7u des fonctionnalit\u00e9s vari\u00e9es de notre laser, sur place au cabinet:<\/h3>\n\n\n\n<ul class=\"wp-block-list\">\n<li>Capsulotomie au laser YAG contre la cataracte secondaire<\/li>\n\n\n\n<li>Iridotomie p\u00e9riph\u00e9rique au laser YAG \u00e0 la suite d\u2019un glaucome<\/li>\n\n\n\n<li>Traitements au laser argon pour les alt\u00e9rations de la r\u00e9tine<\/li>\n<\/ul>\n\n\n\n<p>Les traitements sont r\u00e9alis\u00e9s avec des appareils de derni\u00e8re g\u00e9n\u00e9ration (Pattern Scanning Photocoagulator).\u00a0<\/p>\n\n\n\n<h3 class=\"wp-block-heading\">Le laser, pour une vie sans lunettes<\/h3>\n\n\n\n<figure class=\"wp-block-image size-large\"><img loading=\"lazy\" decoding=\"async\" width=\"1024\" height=\"682\" src=\"http:\/\/www.augenaerzte-biel.ch\/wp-content\/uploads\/2022\/10\/platzhalter-1024x682.jpeg\" alt=\"\" class=\"wp-image-66\" srcset=\"https:\/\/augenaerzte-biel.ch\/wp-content\/uploads\/2022\/10\/platzhalter-1024x682.jpeg 1024w, https:\/\/augenaerzte-biel.ch\/wp-content\/uploads\/2022\/10\/platzhalter-300x200.jpeg 300w, https:\/\/augenaerzte-biel.ch\/wp-content\/uploads\/2022\/10\/platzhalter-768x512.jpeg 768w, https:\/\/augenaerzte-biel.ch\/wp-content\/uploads\/2022\/10\/platzhalter-1536x1023.jpeg 1536w, https:\/\/augenaerzte-biel.ch\/wp-content\/uploads\/2022\/10\/platzhalter.jpeg 1600w\" sizes=\"auto, (max-width: 1024px) 100vw, 1024px\" \/><\/figure>\n\n\n\n<p class=\"has-small-font-size\"><strong><strong>Vous souhaitez vivre librement sans lunettes ou lentilles de contact?\u00a0<\/strong><\/strong><\/p>\n\n\n\n<p class=\"has-small-font-size\">Centre moderne de chirurgie laser des yeux en Suisse, la Clinique ophtalmologique Heuberger vous offre la longue exp\u00e9rience de notre \u00e9quipe de m\u00e9decins et la technologie laser la plus r\u00e9cente. Pour que vous puissiez r\u00e9veiller le matin et voir net, imm\u00e9diatement.<\/p>\n\n\n\n<p class=\"has-small-font-size\">L\u2019\u00e9quipe Consultation r\u00e9fractive sp\u00e9cialis\u00e9e de la Clinique ophtalmologique Heuberger peut vous permettre de vivre sans lunettes gr\u00e2ce \u00e0 diff\u00e9rents traitements chirurgicaux, pratiquement quel que soit votre \u00e2ge. Nous choisissons toujours la proc\u00e9dure la mieux adapt\u00e9e \u00e0 votre situation pour vous assurer un r\u00e9sultat optimal. \u00a0<\/p>\n\n\n\n<p class=\"has-small-font-size\">Nos lasers oculaires modernes sont plus pr\u00e9cis et pr\u00e9servent mieux les tissus que les instruments m\u00e9caniques. La proc\u00e9dure standardis\u00e9e et informatis\u00e9e pour les interventions au laser associ\u00e9e \u00e0 la longue exp\u00e9rience de nos chirurgiens vous garantit le meilleur traitement possible. Pour lib\u00e9rer votre vie (de vos lunettes).<\/p>\n\n\n\n<hr class=\"wp-block-separator has-alpha-channel-opacity is-style-wide\"\/>\n\n\n\n<h3 class=\"wp-block-heading\">Nos diff\u00e9rents proc\u00e9d\u00e9s laser &#8211; toujours optimis\u00e9s pour les besoins de vos yeux<\/h3>\n\n\n\n<div class=\"wp-block-columns is-layout-flex wp-container-core-columns-is-layout-28f84493 wp-block-columns-is-layout-flex\">\n<div class=\"wp-block-column is-layout-flow wp-block-column-is-layout-flow\">\n<p><strong><strong>Presbytie \u2013 Le vieillissement de l\u2019\u0153il<\/strong><\/strong><\/p>\n\n\n\n<figure class=\"wp-block-image size-large\"><img loading=\"lazy\" decoding=\"async\" width=\"1024\" height=\"682\" src=\"http:\/\/www.augenaerzte-biel.ch\/wp-content\/uploads\/2022\/10\/platzhalter-1024x682.jpeg\" alt=\"\" class=\"wp-image-66\" srcset=\"https:\/\/augenaerzte-biel.ch\/wp-content\/uploads\/2022\/10\/platzhalter-1024x682.jpeg 1024w, https:\/\/augenaerzte-biel.ch\/wp-content\/uploads\/2022\/10\/platzhalter-300x200.jpeg 300w, https:\/\/augenaerzte-biel.ch\/wp-content\/uploads\/2022\/10\/platzhalter-768x512.jpeg 768w, https:\/\/augenaerzte-biel.ch\/wp-content\/uploads\/2022\/10\/platzhalter-1536x1023.jpeg 1536w, https:\/\/augenaerzte-biel.ch\/wp-content\/uploads\/2022\/10\/platzhalter.jpeg 1600w\" sizes=\"auto, (max-width: 1024px) 100vw, 1024px\" \/><\/figure>\n<\/div>\n\n\n\n<div class=\"wp-block-column is-layout-flow wp-block-column-is-layout-flow\">\n<p><strong><strong>Myopie \u2013 La vision de pr\u00e8s<\/strong><\/strong><\/p>\n\n\n\n<figure class=\"wp-block-image size-large\"><img loading=\"lazy\" decoding=\"async\" width=\"1024\" height=\"682\" src=\"http:\/\/www.augenaerzte-biel.ch\/wp-content\/uploads\/2022\/10\/platzhalter-1024x682.jpeg\" alt=\"\" class=\"wp-image-66\" srcset=\"https:\/\/augenaerzte-biel.ch\/wp-content\/uploads\/2022\/10\/platzhalter-1024x682.jpeg 1024w, https:\/\/augenaerzte-biel.ch\/wp-content\/uploads\/2022\/10\/platzhalter-300x200.jpeg 300w, https:\/\/augenaerzte-biel.ch\/wp-content\/uploads\/2022\/10\/platzhalter-768x512.jpeg 768w, https:\/\/augenaerzte-biel.ch\/wp-content\/uploads\/2022\/10\/platzhalter-1536x1023.jpeg 1536w, https:\/\/augenaerzte-biel.ch\/wp-content\/uploads\/2022\/10\/platzhalter.jpeg 1600w\" sizes=\"auto, (max-width: 1024px) 100vw, 1024px\" \/><\/figure>\n<\/div>\n\n\n\n<div class=\"wp-block-column is-layout-flow wp-block-column-is-layout-flow\">\n<p><strong><strong>Hyperm\u00e9tropie \u2013 La vision de loin<\/strong><\/strong><\/p>\n\n\n\n<figure class=\"wp-block-image size-large\"><img loading=\"lazy\" decoding=\"async\" width=\"1024\" height=\"682\" src=\"http:\/\/www.augenaerzte-biel.ch\/wp-content\/uploads\/2022\/10\/platzhalter-1024x682.jpeg\" alt=\"\" class=\"wp-image-66\" srcset=\"https:\/\/augenaerzte-biel.ch\/wp-content\/uploads\/2022\/10\/platzhalter-1024x682.jpeg 1024w, https:\/\/augenaerzte-biel.ch\/wp-content\/uploads\/2022\/10\/platzhalter-300x200.jpeg 300w, https:\/\/augenaerzte-biel.ch\/wp-content\/uploads\/2022\/10\/platzhalter-768x512.jpeg 768w, https:\/\/augenaerzte-biel.ch\/wp-content\/uploads\/2022\/10\/platzhalter-1536x1023.jpeg 1536w, https:\/\/augenaerzte-biel.ch\/wp-content\/uploads\/2022\/10\/platzhalter.jpeg 1600w\" sizes=\"auto, (max-width: 1024px) 100vw, 1024px\" \/><\/figure>\n<\/div>\n<\/div>\n\n\n\n<hr class=\"wp-block-separator has-alpha-channel-opacity is-style-wide\"\/>\n\n\n\n<h3 class=\"wp-block-heading\">Une technologie laser de pointe pour des r\u00e9sultats optimaux<\/h3>\n\n\n\n<p class=\"has-small-font-size\"><strong>Teneo\u2122 et\u00a0Victus\u00ae\u00a0de Bausch + Lomb<\/strong><br>Avec la derni\u00e8re g\u00e9n\u00e9ration du laser \u00e0 excim\u00e8re TENEO\u2122 et du laser femtoseconde Victus\u00ae, la Clinique ophtalmologique Heuberger pose de nouveaux jalons. L&#8217;utilisation d&#8217;une technologie de pointe, comme la TCO \u00e0 source \u00e0 balayage en temps r\u00e9el int\u00e9gr\u00e9e, vous garantit un temps de traitement court tout en assurant une s\u00e9curit\u00e9 maximale. De cette mani\u00e8re, vous b\u00e9n\u00e9ficiez d\u2019un traitement personnalis\u00e9 et optimis\u00e9 alors que vous \u00eates confortablement allong\u00e9 sur la table ergonomique.<\/p>","protected":false},"excerpt":{"rendered":"<p>Aper\u00e7u des fonctionnalit\u00e9s vari\u00e9es de notre laser, sur place au cabinet: Les traitements sont r\u00e9alis\u00e9s avec des appareils de derni\u00e8re g\u00e9n\u00e9ration (Pattern Scanning Photocoagulator).\u00a0 Le laser, pour une vie sans lunettes Vous souhaitez vivre librement sans lunettes ou lentilles de contact?\u00a0 Centre moderne de chirurgie laser des yeux en Suisse, la Clinique ophtalmologique Heuberger vous [&hellip;]<\/p>\n","protected":false},"author":1,"featured_media":0,"parent":134,"menu_order":10,"comment_status":"closed","ping_status":"closed","template":"","meta":{"_uag_custom_page_level_css":"","footnotes":""},"class_list":["post-142","page","type-page","status-publish","hentry"],"uagb_featured_image_src":{"full":false,"thumbnail":false,"medium":false,"medium_large":false,"large":false,"gs-tiny":false,"xl":false,"xxl":false,"xxxl":false,"xxxxl":false,"xxxxxl":false,"1536x1536":false,"2048x2048":false,"trp-custom-language-flag":false},"uagb_author_info":{"display_name":"Lasse","author_link":"https:\/\/augenaerzte-biel.ch\/fr\/author\/lasse\/"},"uagb_comment_info":0,"uagb_excerpt":"Aper\u00e7u des fonctionnalit\u00e9s vari\u00e9es de notre laser, sur place au cabinet: Les traitements sont r\u00e9alis\u00e9s avec des appareils de derni\u00e8re g\u00e9n\u00e9ration (Pattern Scanning Photocoagulator).\u00a0 Le laser, pour une vie sans lunettes Vous souhaitez vivre librement sans lunettes ou lentilles de contact?\u00a0 Centre moderne de chirurgie laser des yeux en Suisse, la Clinique ophtalmologique Heuberger vous&hellip;","_links":{"self":[{"href":"https:\/\/augenaerzte-biel.ch\/fr\/wp-json\/wp\/v2\/pages\/142","targetHints":{"allow":["GET"]}}],"collection":[{"href":"https:\/\/augenaerzte-biel.ch\/fr\/wp-json\/wp\/v2\/pages"}],"about":[{"href":"https:\/\/augenaerzte-biel.ch\/fr\/wp-json\/wp\/v2\/types\/page"}],"author":[{"embeddable":true,"href":"https:\/\/augenaerzte-biel.ch\/fr\/wp-json\/wp\/v2\/users\/1"}],"replies":[{"embeddable":true,"href":"https:\/\/augenaerzte-biel.ch\/fr\/wp-json\/wp\/v2\/comments?post=142"}],"version-history":[{"count":2,"href":"https:\/\/augenaerzte-biel.ch\/fr\/wp-json\/wp\/v2\/pages\/142\/revisions"}],"predecessor-version":[{"id":467,"href":"https:\/\/augenaerzte-biel.ch\/fr\/wp-json\/wp\/v2\/pages\/142\/revisions\/467"}],"up":[{"embeddable":true,"href":"https:\/\/augenaerzte-biel.ch\/fr\/wp-json\/wp\/v2\/pages\/134"}],"wp:attachment":[{"href":"https:\/\/augenaerzte-biel.ch\/fr\/wp-json\/wp\/v2\/media?parent=142"}],"curies":[{"name":"wp","href":"https:\/\/api.w.org\/{rel}","templated":true}]}}