{"id":146,"date":"2022-10-21T07:23:50","date_gmt":"2022-10-21T07:23:50","guid":{"rendered":"http:\/\/164.90.224.68\/?page_id=146"},"modified":"2023-01-13T12:35:19","modified_gmt":"2023-01-13T12:35:19","slug":"consultation-sur-le-glaucome","status":"publish","type":"page","link":"https:\/\/augenaerzte-biel.ch\/fr\/nos-prestations\/consultation-sur-le-glaucome\/","title":{"rendered":"Consultation sur le glaucome"},"content":{"rendered":"<h3 class=\"wp-block-heading\">Le glaucome, cette pathologie qui menace la vue<\/h3>\n\n\n\n<p class=\"has-small-font-size\"><em><em>Le glaucome est un groupe de maladies oculaires dans lesquelles le nerf optique est endommag\u00e9 \u00e0 sa sortie de l&#8217;\u0153il. Le nerf optique est le faisceau transmettant les images de l&#8217;\u0153il au cerveau, et son endommagement entra\u00eene une d\u00e9t\u00e9rioration de la vision. Le glaucome est l&#8217;une des causes les plus fr\u00e9quentes de c\u00e9cit\u00e9 dans le monde.<\/em><\/em><\/p>\n\n\n\n<p class=\"has-small-font-size\"><strong><strong>Comment le glaucome se d\u00e9veloppe-t-il?<\/strong><\/strong><\/p>\n\n\n\n<p class=\"has-small-font-size\">Pour qu\u2019il fonctionne correctement, une certaine pression doit r\u00e9gner \u00e0 l\u2019int\u00e9rieur de l\u2019\u0153il, mais si elle devient trop \u00e9lev\u00e9e, elle appuie sur le nerf optique et tue certaines fibres nerveuses, entra\u00eenant une perte de vision. Les premi\u00e8res zones touch\u00e9es sont les parties excentr\u00e9es de la vision. Sans traitement, les dommages peuvent progresser jusqu&#8217;\u00e0 g\u00e9n\u00e9rer la vision en tunnel et finalement provoquer la perte de la vision centrale, m\u00eame si la c\u00e9cit\u00e9 est rare.&nbsp;<\/p>\n\n\n\n<p class=\"has-small-font-size\">En g\u00e9n\u00e9ral, mais pas toujours, le dommage se produit parce que la pression dans l&#8217;\u0153il augmente et appuie sur le nerf (voir figure 1) et l&#8217;endommage (figures 2 et 3).<\/p>\n\n\n\n<p style=\"font-size:0.8rem\"><em><em>L&#8217;augmentation de la pression intraoculaire est l&#8217;une des principales causes du glaucome<\/em><\/em><\/p>\n\n\n\n<hr class=\"wp-block-separator has-alpha-channel-opacity is-style-wide\"\/>\n\n\n\n<p class=\"has-small-font-size\"><strong><strong>Quels sont les types de glaucome?<\/strong><\/strong><\/p>\n\n\n\n<p class=\"has-small-font-size\">Il existe quatre grands types de glaucome: le glaucome primaire \u00e0 angle ouvert, le glaucome primaire par fermeture de l&#8217;angle, le glaucome secondaire et le glaucome cong\u00e9nital.<\/p>\n\n\n\n<p class=\"has-small-font-size\">Glaucome primaire \u00e0 angle ouvert: Forme la plus courante du glaucome, elle se d\u00e9veloppe tr\u00e8s lentement.<\/p>\n\n\n\n<p class=\"has-small-font-size\">Glaucome par fermeture de l&#8217;angle : Rare, , il peut aussi se d\u00e9velopper lentement (forme chronique) ou rapidement (forme aigu\u00eb), provoquant alors une augmentation soudaine et douloureuse de la pression intraoculaire.<\/p>\n\n\n\n<p class=\"has-small-font-size\">Glaucome secondaire: Cons\u00e9quence d&#8217;une l\u00e9sion oculaire ou d&#8217;une autre maladie oculaire, comme l\u2019uv\u00e9ite (inflammation de l&#8217;int\u00e9rieur de l&#8217;\u0153il).<\/p>\n\n\n\n<p class=\"has-small-font-size\">Glaucome cong\u00e9nital: Rare, il peut \u00eatre grave. Il est g\u00e9n\u00e9ralement pr\u00e9sent \u00e0 la naissance ou se d\u00e9veloppe peu apr\u00e8s celle-ci. Il est caus\u00e9 par une anomalie de l&#8217;\u0153il.<\/p>\n\n\n\n<p class=\"has-small-font-size\">Parmi les Europ\u00e9ens blancs, environ 1 personne sur 50 de plus de 40 ans et 1 personne sur 10 de plus de 75 ans ont un glaucome chronique \u00e0 angle ouvert. Les personnes d&#8217;origine noire africaine ou noire antillaise ont \u00e9galement un risque accru de d\u00e9velopper un glaucome \u00e0 angle ouvert.<\/p>\n\n\n\n<p class=\"has-small-font-size\">Quant aux autres types de glaucome, comme le glaucome aigu par fermeture de l&#8217;angle, ils sont beaucoup plus rares. Cependant, les personnes d&#8217;origine asiatique ont un risque plus \u00e9lev\u00e9 de le d\u00e9velopper que les autres.<\/p>\n\n\n\n<hr class=\"wp-block-separator has-alpha-channel-opacity is-style-wide\"\/>\n\n\n\n<p class=\"has-small-font-size\"><strong>Que faire?<\/strong><br>M\u00eame s\u2019il n\u2019est pas possible de r\u00e9cup\u00e9rer le degr\u00e9 de vision perdu \u00e0 cause d\u2019un glaucome, un d\u00e9pistage pr\u00e9coce, une surveillance attentive et l&#8217;application r\u00e9guli\u00e8re des traitements permettent de pr\u00e9venir une d\u00e9gradation suppl\u00e9mentaire et la plupart des patients conservent une vision suffisante pour continuer leur vie.&nbsp;&nbsp;Bien qu&#8217;il n&#8217;y ait g\u00e9n\u00e9ralement pas de signes avant-coureurs, des examens ophtalmologiques r\u00e9guliers permettent de d\u00e9tecter \u00e0 temps le d\u00e9but de la maladie et de pr\u00e9venir pr\u00e9cocement une atteinte du nerf optique.<\/p>\n\n\n\n<hr class=\"wp-block-separator has-alpha-channel-opacity is-style-wide\"\/>\n\n\n\n<figure class=\"wp-block-image size-large\"><img loading=\"lazy\" decoding=\"async\" width=\"1024\" height=\"682\" src=\"http:\/\/www.augenaerzte-biel.ch\/wp-content\/uploads\/2022\/10\/platzhalter-1024x682.jpeg\" alt=\"\" class=\"wp-image-66\" srcset=\"https:\/\/augenaerzte-biel.ch\/wp-content\/uploads\/2022\/10\/platzhalter-1024x682.jpeg 1024w, https:\/\/augenaerzte-biel.ch\/wp-content\/uploads\/2022\/10\/platzhalter-300x200.jpeg 300w, https:\/\/augenaerzte-biel.ch\/wp-content\/uploads\/2022\/10\/platzhalter-768x512.jpeg 768w, https:\/\/augenaerzte-biel.ch\/wp-content\/uploads\/2022\/10\/platzhalter-1536x1023.jpeg 1536w, https:\/\/augenaerzte-biel.ch\/wp-content\/uploads\/2022\/10\/platzhalter.jpeg 1600w\" sizes=\"auto, (max-width: 1024px) 100vw, 1024px\" \/><figcaption class=\"wp-element-caption\"><em>normaler Sehnerv<\/em><\/figcaption><\/figure>\n\n\n\n<figure class=\"wp-block-image size-large\"><img loading=\"lazy\" decoding=\"async\" width=\"1024\" height=\"682\" src=\"http:\/\/www.augenaerzte-biel.ch\/wp-content\/uploads\/2022\/10\/platzhalter-1024x682.jpeg\" alt=\"\" class=\"wp-image-66\" srcset=\"https:\/\/augenaerzte-biel.ch\/wp-content\/uploads\/2022\/10\/platzhalter-1024x682.jpeg 1024w, https:\/\/augenaerzte-biel.ch\/wp-content\/uploads\/2022\/10\/platzhalter-300x200.jpeg 300w, https:\/\/augenaerzte-biel.ch\/wp-content\/uploads\/2022\/10\/platzhalter-768x512.jpeg 768w, https:\/\/augenaerzte-biel.ch\/wp-content\/uploads\/2022\/10\/platzhalter-1536x1023.jpeg 1536w, https:\/\/augenaerzte-biel.ch\/wp-content\/uploads\/2022\/10\/platzhalter.jpeg 1600w\" sizes=\"auto, (max-width: 1024px) 100vw, 1024px\" \/><figcaption class=\"wp-element-caption\"><em>gesch\u00e4digter Sehnerv<\/em><\/figcaption><\/figure>","protected":false},"excerpt":{"rendered":"<p>Le glaucome, cette pathologie qui menace la vue Le glaucome est un groupe de maladies oculaires dans lesquelles le nerf optique est endommag\u00e9 \u00e0 sa sortie de l&#8217;\u0153il. Le nerf optique est le faisceau transmettant les images de l&#8217;\u0153il au cerveau, et son endommagement entra\u00eene une d\u00e9t\u00e9rioration de la vision. Le glaucome est l&#8217;une des [&hellip;]<\/p>\n","protected":false},"author":1,"featured_media":0,"parent":134,"menu_order":14,"comment_status":"closed","ping_status":"closed","template":"","meta":{"_uag_custom_page_level_css":"","footnotes":""},"class_list":["post-146","page","type-page","status-publish","hentry"],"uagb_featured_image_src":{"full":false,"thumbnail":false,"medium":false,"medium_large":false,"large":false,"gs-tiny":false,"xl":false,"xxl":false,"xxxl":false,"xxxxl":false,"xxxxxl":false,"1536x1536":false,"2048x2048":false,"trp-custom-language-flag":false},"uagb_author_info":{"display_name":"Lasse","author_link":"https:\/\/augenaerzte-biel.ch\/fr\/author\/lasse\/"},"uagb_comment_info":0,"uagb_excerpt":"Le glaucome, cette pathologie qui menace la vue Le glaucome est un groupe de maladies oculaires dans lesquelles le nerf optique est endommag\u00e9 \u00e0 sa sortie de l&#8217;\u0153il. Le nerf optique est le faisceau transmettant les images de l&#8217;\u0153il au cerveau, et son endommagement entra\u00eene une d\u00e9t\u00e9rioration de la vision. Le glaucome est l&#8217;une des&hellip;","_links":{"self":[{"href":"https:\/\/augenaerzte-biel.ch\/fr\/wp-json\/wp\/v2\/pages\/146","targetHints":{"allow":["GET"]}}],"collection":[{"href":"https:\/\/augenaerzte-biel.ch\/fr\/wp-json\/wp\/v2\/pages"}],"about":[{"href":"https:\/\/augenaerzte-biel.ch\/fr\/wp-json\/wp\/v2\/types\/page"}],"author":[{"embeddable":true,"href":"https:\/\/augenaerzte-biel.ch\/fr\/wp-json\/wp\/v2\/users\/1"}],"replies":[{"embeddable":true,"href":"https:\/\/augenaerzte-biel.ch\/fr\/wp-json\/wp\/v2\/comments?post=146"}],"version-history":[{"count":3,"href":"https:\/\/augenaerzte-biel.ch\/fr\/wp-json\/wp\/v2\/pages\/146\/revisions"}],"predecessor-version":[{"id":462,"href":"https:\/\/augenaerzte-biel.ch\/fr\/wp-json\/wp\/v2\/pages\/146\/revisions\/462"}],"up":[{"embeddable":true,"href":"https:\/\/augenaerzte-biel.ch\/fr\/wp-json\/wp\/v2\/pages\/134"}],"wp:attachment":[{"href":"https:\/\/augenaerzte-biel.ch\/fr\/wp-json\/wp\/v2\/media?parent=146"}],"curies":[{"name":"wp","href":"https:\/\/api.w.org\/{rel}","templated":true}]}}