{"id":150,"date":"2022-10-21T07:26:07","date_gmt":"2022-10-21T07:26:07","guid":{"rendered":"http:\/\/164.90.224.68\/?page_id=150"},"modified":"2023-01-13T10:09:09","modified_gmt":"2023-01-13T10:09:09","slug":"consultation-de-chirurgie-des-paupieres-et-des-tumeurs","status":"publish","type":"page","link":"https:\/\/augenaerzte-biel.ch\/fr\/nos-prestations\/consultation-de-chirurgie-des-paupieres-et-des-tumeurs\/","title":{"rendered":"Consultation de chirurgie des paupi\u00e8res et des tumeurs"},"content":{"rendered":"<h3 class=\"wp-block-heading\">Malformations des paupi\u00e8res et des voies lacrymales<\/h3>\n\n\n\n<p><em><em>Qu&#8217;elle soit esth\u00e9tique ou plastique reconstructive: Notre consultation sp\u00e9ciale pour la chirurgie des paupi\u00e8res et des tumeurs<\/em><\/em><\/p>\n\n\n\n<figure class=\"wp-block-image size-large\"><img loading=\"lazy\" decoding=\"async\" width=\"1024\" height=\"682\" src=\"http:\/\/www.augenaerzte-biel.ch\/wp-content\/uploads\/2022\/10\/platzhalter-1024x682.jpeg\" alt=\"\" class=\"wp-image-66\" srcset=\"https:\/\/augenaerzte-biel.ch\/wp-content\/uploads\/2022\/10\/platzhalter-1024x682.jpeg 1024w, https:\/\/augenaerzte-biel.ch\/wp-content\/uploads\/2022\/10\/platzhalter-300x200.jpeg 300w, https:\/\/augenaerzte-biel.ch\/wp-content\/uploads\/2022\/10\/platzhalter-768x512.jpeg 768w, https:\/\/augenaerzte-biel.ch\/wp-content\/uploads\/2022\/10\/platzhalter-1536x1023.jpeg 1536w, https:\/\/augenaerzte-biel.ch\/wp-content\/uploads\/2022\/10\/platzhalter.jpeg 1600w\" sizes=\"auto, (max-width: 1024px) 100vw, 1024px\" \/><\/figure>\n\n\n\n<p class=\"has-small-font-size\">Vos paupi\u00e8res assurent de nombreuses fonctions importantes, tant pour vous garantir une bonne vision que pour votre attractivit\u00e9, votre rayonnement et votre beaut\u00e9. La sant\u00e9 et la bonne position des paupi\u00e8res sont donc essentielles.<\/p>\n\n\n\n<p>Un traitement dans ce domaine en particulier est donc aussi une question de confiance, car la sp\u00e9cialisation est d\u00e9cisive aussi bien dans la chirurgie esth\u00e9tique que dans la chirurgie plastique et reconstructive des paupi\u00e8res. Faites confiance \u00e0 une \u00e9quipe de m\u00e9decins exp\u00e9riment\u00e9s, experts en chirurgie plastique reconstructrice et esth\u00e9tique des paupi\u00e8res et en traitement des tumeurs.<\/p>\n\n\n\n<div style=\"height:40px\" aria-hidden=\"true\" class=\"wp-block-spacer\"><\/div>\n\n\n\n<p><strong><strong>Durant notre consultation pour vos paupi\u00e8res, nous vous proposons des conseils et des traitements pour:<\/strong><\/strong><\/p>\n\n\n\n<ul class=\"wp-block-list\">\n<li>Diff\u00e9rentes malformations des paupi\u00e8res (ectropion, entropion, frottement des cils)<\/li>\n\n\n\n<li>Ectropion&nbsp;: Rel\u00e2chement de la partie inf\u00e9rieure de la paupi\u00e8re<\/li>\n\n\n\n<li>Dermatochalasis&nbsp;: Paupi\u00e8res tombantes<\/li>\n\n\n\n<li>Excroissances (tumeurs) b\u00e9nignes et malignes des paupi\u00e8res<\/li>\n\n\n\n<li>Maladies des voies lacrymales<\/li>\n<\/ul>","protected":false},"excerpt":{"rendered":"<p>Malformations des paupi\u00e8res et des voies lacrymales Qu&#8217;elle soit esth\u00e9tique ou plastique reconstructive: Notre consultation sp\u00e9ciale pour la chirurgie des paupi\u00e8res et des tumeurs Vos paupi\u00e8res assurent de nombreuses fonctions importantes, tant pour vous garantir une bonne vision que pour votre attractivit\u00e9, votre rayonnement et votre beaut\u00e9. La sant\u00e9 et la bonne position des paupi\u00e8res [&hellip;]<\/p>","protected":false},"author":1,"featured_media":0,"parent":134,"menu_order":18,"comment_status":"closed","ping_status":"closed","template":"","meta":{"_uag_custom_page_level_css":"","footnotes":""},"class_list":["post-150","page","type-page","status-publish","hentry"],"uagb_featured_image_src":{"full":false,"thumbnail":false,"medium":false,"medium_large":false,"large":false,"gs-tiny":false,"xl":false,"xxl":false,"xxxl":false,"xxxxl":false,"xxxxxl":false,"1536x1536":false,"2048x2048":false,"trp-custom-language-flag":false},"uagb_author_info":{"display_name":"Lasse","author_link":"https:\/\/augenaerzte-biel.ch\/fr\/author\/lasse\/"},"uagb_comment_info":0,"uagb_excerpt":"Malformations des paupi\u00e8res et des voies lacrymales Qu&#8217;elle soit esth\u00e9tique ou plastique reconstructive: Notre consultation sp\u00e9ciale pour la chirurgie des paupi\u00e8res et des tumeurs Vos paupi\u00e8res assurent de nombreuses fonctions importantes, tant pour vous garantir une bonne vision que pour votre attractivit\u00e9, votre rayonnement et votre beaut\u00e9. La sant\u00e9 et la bonne position des paupi\u00e8res&hellip;","_links":{"self":[{"href":"https:\/\/augenaerzte-biel.ch\/fr\/wp-json\/wp\/v2\/pages\/150","targetHints":{"allow":["GET"]}}],"collection":[{"href":"https:\/\/augenaerzte-biel.ch\/fr\/wp-json\/wp\/v2\/pages"}],"about":[{"href":"https:\/\/augenaerzte-biel.ch\/fr\/wp-json\/wp\/v2\/types\/page"}],"author":[{"embeddable":true,"href":"https:\/\/augenaerzte-biel.ch\/fr\/wp-json\/wp\/v2\/users\/1"}],"replies":[{"embeddable":true,"href":"https:\/\/augenaerzte-biel.ch\/fr\/wp-json\/wp\/v2\/comments?post=150"}],"version-history":[{"count":2,"href":"https:\/\/augenaerzte-biel.ch\/fr\/wp-json\/wp\/v2\/pages\/150\/revisions"}],"predecessor-version":[{"id":457,"href":"https:\/\/augenaerzte-biel.ch\/fr\/wp-json\/wp\/v2\/pages\/150\/revisions\/457"}],"up":[{"embeddable":true,"href":"https:\/\/augenaerzte-biel.ch\/fr\/wp-json\/wp\/v2\/pages\/134"}],"wp:attachment":[{"href":"https:\/\/augenaerzte-biel.ch\/fr\/wp-json\/wp\/v2\/media?parent=150"}],"curies":[{"name":"wp","href":"https:\/\/api.w.org\/{rel}","templated":true}]}}