{"id":152,"date":"2022-10-21T07:28:54","date_gmt":"2022-10-21T07:28:54","guid":{"rendered":"http:\/\/164.90.224.68\/?page_id=152"},"modified":"2023-01-27T08:55:25","modified_gmt":"2023-01-27T08:55:25","slug":"operations","status":"publish","type":"page","link":"https:\/\/augenaerzte-biel.ch\/fr\/operations\/","title":{"rendered":"Op\u00e9rations"},"content":{"rendered":"<h3 class=\"wp-block-heading\">Une bonne vision, la quintessence de la qualit\u00e9 de vie. C\u2019est pourquoi le bien-\u00eatre de vos yeux nous tient \u00e0 c\u0153ur!<\/h3>\n\n\n\n<figure class=\"wp-block-image size-full\"><img loading=\"lazy\" decoding=\"async\" width=\"567\" height=\"377\" src=\"http:\/\/www.augenaerzte-biel.ch\/wp-content\/uploads\/2022\/10\/operationen_567x377m.jpeg\" alt=\"\" class=\"wp-image-86\" srcset=\"https:\/\/augenaerzte-biel.ch\/wp-content\/uploads\/2022\/10\/operationen_567x377m.jpeg 567w, https:\/\/augenaerzte-biel.ch\/wp-content\/uploads\/2022\/10\/operationen_567x377m-300x199.jpeg 300w\" sizes=\"auto, (max-width: 567px) 100vw, 567px\" \/><\/figure>\n\n\n\n<p>Nos prestations<\/p>\n\n\n\n<p><strong><strong>Op\u00e9rations<\/strong><\/strong><\/p>\n\n\n\n<ul class=\"wp-block-list\">\n<li>Cataracte \u2013 M\u00e9thode conventionnelle<\/li>\n\n\n\n<li>\u2013 M\u00e9thode assist\u00e9e par laser femto, plus pr\u00e9cise et plus douce pour l&#8217;\u0153il<\/li>\n\n\n\n<li>Ablation des excroissances (tumeurs)<\/li>\n\n\n\n<li>L\u00e9sions oculaires<\/li>\n\n\n\n<li>Op\u00e9rations des voies lacrymales et des paupi\u00e8res<\/li>\n\n\n\n<li>Injection intravitr\u00e9enne (IVT)<\/li>\n<\/ul>\n\n\n\n<p>Les interventions chirurgicales sont effectu\u00e9es \u00e0 <a rel=\"noreferrer noopener\" href=\"https:\/\/www.medinaulac.ch\/fr\" target=\"_blank\">Medin au Lac<\/a>.<\/p>\n\n\n\n<hr class=\"wp-block-separator has-alpha-channel-opacity is-style-wide\"\/>\n\n\n\n<p><strong><strong>Nos interventions au laser pour les am\u00e9tropies<\/strong><\/strong><\/p>\n\n\n\n<ul class=\"wp-block-list\">\n<li>Myopie<\/li>\n\n\n\n<li>Hyperm\u00e9tropie<\/li>\n\n\n\n<li>Astigmatisme<\/li>\n<\/ul>\n\n\n\n<p><strong><strong>Nos m\u00e9thodes<\/strong><\/strong><\/p>\n\n\n\n<ul class=\"wp-block-list\">\n<li>PKR, LASIK et Epi-lasik<\/li>\n\n\n\n<li>Front d\u2019onde<\/li>\n\n\n\n<li>Corrections astigmates<\/li>\n\n\n\n<li>Implants de lentilles en cas d\u2019am\u00e9tropie prononc\u00e9e<\/li>\n<\/ul>\n\n\n\n<p>Les interventions au laser pour les am\u00e9tropies sont effectu\u00e9es \u00e0 la Clinique ophtalmologique Heuberger d\u2019Olten.<\/p>","protected":false},"excerpt":{"rendered":"<p>Une bonne vision, la quintessence de la qualit\u00e9 de vie. C\u2019est pourquoi le bien-\u00eatre de vos yeux nous tient \u00e0 c\u0153ur! Nos prestations Op\u00e9rations Les interventions chirurgicales sont effectu\u00e9es \u00e0 Medin au Lac. Nos interventions au laser pour les am\u00e9tropies Nos m\u00e9thodes Les interventions au laser pour les am\u00e9tropies sont effectu\u00e9es \u00e0 la Clinique ophtalmologique [&hellip;]<\/p>","protected":false},"author":1,"featured_media":0,"parent":0,"menu_order":20,"comment_status":"closed","ping_status":"closed","template":"","meta":{"_uag_custom_page_level_css":"","footnotes":""},"class_list":["post-152","page","type-page","status-publish","hentry"],"uagb_featured_image_src":{"full":false,"thumbnail":false,"medium":false,"medium_large":false,"large":false,"gs-tiny":false,"xl":false,"xxl":false,"xxxl":false,"xxxxl":false,"xxxxxl":false,"1536x1536":false,"2048x2048":false,"trp-custom-language-flag":false},"uagb_author_info":{"display_name":"Lasse","author_link":"https:\/\/augenaerzte-biel.ch\/fr\/author\/lasse\/"},"uagb_comment_info":0,"uagb_excerpt":"Une bonne vision, la quintessence de la qualit\u00e9 de vie. C\u2019est pourquoi le bien-\u00eatre de vos yeux nous tient \u00e0 c\u0153ur! Nos prestations Op\u00e9rations Les interventions chirurgicales sont effectu\u00e9es \u00e0 Medin au Lac. Nos interventions au laser pour les am\u00e9tropies Nos m\u00e9thodes Les interventions au laser pour les am\u00e9tropies sont effectu\u00e9es \u00e0 la Clinique ophtalmologique&hellip;","_links":{"self":[{"href":"https:\/\/augenaerzte-biel.ch\/fr\/wp-json\/wp\/v2\/pages\/152","targetHints":{"allow":["GET"]}}],"collection":[{"href":"https:\/\/augenaerzte-biel.ch\/fr\/wp-json\/wp\/v2\/pages"}],"about":[{"href":"https:\/\/augenaerzte-biel.ch\/fr\/wp-json\/wp\/v2\/types\/page"}],"author":[{"embeddable":true,"href":"https:\/\/augenaerzte-biel.ch\/fr\/wp-json\/wp\/v2\/users\/1"}],"replies":[{"embeddable":true,"href":"https:\/\/augenaerzte-biel.ch\/fr\/wp-json\/wp\/v2\/comments?post=152"}],"version-history":[{"count":5,"href":"https:\/\/augenaerzte-biel.ch\/fr\/wp-json\/wp\/v2\/pages\/152\/revisions"}],"predecessor-version":[{"id":506,"href":"https:\/\/augenaerzte-biel.ch\/fr\/wp-json\/wp\/v2\/pages\/152\/revisions\/506"}],"wp:attachment":[{"href":"https:\/\/augenaerzte-biel.ch\/fr\/wp-json\/wp\/v2\/media?parent=152"}],"curies":[{"name":"wp","href":"https:\/\/api.w.org\/{rel}","templated":true}]}}