{"id":519,"date":"2023-01-27T09:42:43","date_gmt":"2023-01-27T09:42:43","guid":{"rendered":"https:\/\/www.augenaerzte-biel.ch\/?page_id=519"},"modified":"2023-01-27T10:54:31","modified_gmt":"2023-01-27T10:54:31","slug":"pour-les-medecins","status":"publish","type":"page","link":"https:\/\/augenaerzte-biel.ch\/fr\/pour-les-medecins\/","title":{"rendered":"Pour les m\u00e9decins"},"content":{"rendered":"<h3 class=\"wp-block-heading\">Nos m\u00e9decins se tiennent \u00e0 votre disposition pour vous adresser des patients et vous donner un deuxi\u00e8me avis.<\/h3>\n\n\n\n<p>Il nous tient \u00e0 c\u0153ur de permettre \u00e0 vos patientes et patients d&#8217;acc\u00e9der rapidement au sp\u00e9cialiste correspondant. Merci de votre confiance.<\/p>\n\n\n\n<hr class=\"wp-block-separator has-alpha-channel-opacity is-style-wide\"\/>\n\n\n\n<h4 class=\"wp-block-heading\">Contact<\/h4>\n\n\n\n<p>Par e-mail: <a href=\"mailto:augenaerzte-biel@hin.ch\">augenaerzte-biel@hin.ch<\/a> <\/p>","protected":false},"excerpt":{"rendered":"<p>Nos m\u00e9decins se tiennent \u00e0 votre disposition pour vous adresser des patients et vous donner un deuxi\u00e8me avis. Il nous tient \u00e0 c\u0153ur de permettre \u00e0 vos patientes et patients d&#8217;acc\u00e9der rapidement au sp\u00e9cialiste correspondant. Merci de votre confiance. Contact Par e-mail: augenaerzte-biel@hin.ch<\/p>","protected":false},"author":1,"featured_media":0,"parent":0,"menu_order":0,"comment_status":"closed","ping_status":"closed","template":"","meta":{"_uag_custom_page_level_css":"","footnotes":""},"class_list":["post-519","page","type-page","status-publish","hentry"],"uagb_featured_image_src":{"full":false,"thumbnail":false,"medium":false,"medium_large":false,"large":false,"gs-tiny":false,"xl":false,"xxl":false,"xxxl":false,"xxxxl":false,"xxxxxl":false,"1536x1536":false,"2048x2048":false,"trp-custom-language-flag":false},"uagb_author_info":{"display_name":"Lasse","author_link":"https:\/\/augenaerzte-biel.ch\/fr\/author\/lasse\/"},"uagb_comment_info":0,"uagb_excerpt":"Nos m\u00e9decins se tiennent \u00e0 votre disposition pour vous adresser des patients et vous donner un deuxi\u00e8me avis. Il nous tient \u00e0 c\u0153ur de permettre \u00e0 vos patientes et patients d&#8217;acc\u00e9der rapidement au sp\u00e9cialiste correspondant. Merci de votre confiance. Contact Par e-mail: augenaerzte-biel@hin.ch","_links":{"self":[{"href":"https:\/\/augenaerzte-biel.ch\/fr\/wp-json\/wp\/v2\/pages\/519","targetHints":{"allow":["GET"]}}],"collection":[{"href":"https:\/\/augenaerzte-biel.ch\/fr\/wp-json\/wp\/v2\/pages"}],"about":[{"href":"https:\/\/augenaerzte-biel.ch\/fr\/wp-json\/wp\/v2\/types\/page"}],"author":[{"embeddable":true,"href":"https:\/\/augenaerzte-biel.ch\/fr\/wp-json\/wp\/v2\/users\/1"}],"replies":[{"embeddable":true,"href":"https:\/\/augenaerzte-biel.ch\/fr\/wp-json\/wp\/v2\/comments?post=519"}],"version-history":[{"count":3,"href":"https:\/\/augenaerzte-biel.ch\/fr\/wp-json\/wp\/v2\/pages\/519\/revisions"}],"predecessor-version":[{"id":532,"href":"https:\/\/augenaerzte-biel.ch\/fr\/wp-json\/wp\/v2\/pages\/519\/revisions\/532"}],"wp:attachment":[{"href":"https:\/\/augenaerzte-biel.ch\/fr\/wp-json\/wp\/v2\/media?parent=519"}],"curies":[{"name":"wp","href":"https:\/\/api.w.org\/{rel}","templated":true}]}}